{"id":415,"date":"2019-05-11T15:14:38","date_gmt":"2019-05-11T12:14:38","guid":{"rendered":"https:\/\/democontent.codex-themes.com\/sites-elementor\/building-construction\/?page_id=415"},"modified":"2023-07-11T13:39:23","modified_gmt":"2023-07-11T10:39:23","slug":"our-services","status":"publish","type":"page","link":"https:\/\/finairsolutions.com\/fi\/services-parent\/our-services\/","title":{"rendered":"Palvelut"},"content":{"rendered":"<div data-elementor-type=\"wp-page\" data-elementor-id=\"415\" class=\"elementor elementor-415\" data-elementor-post-type=\"page\">\n\t\t\t\t\t\t<main class=\"elementor-section elementor-top-section elementor-element elementor-element-64518d1 elementor-section-boxed elementor-section-height-default elementor-section-height-default\" data-id=\"64518d1\" data-element_type=\"section\">\r\n\t\t\t\t\t\t<div class=\"elementor-container elementor-column-gap-thegem\"><div class=\"elementor-row\">\r\n\t\t\t\t\t<div class=\"elementor-column elementor-col-100 elementor-top-column elementor-element elementor-element-d512159\" data-id=\"d512159\" data-element_type=\"column\">\n\t\t\t<div class=\"elementor-widget-wrap elementor-element-populated\">\n\t\t\t\t\t\t<div class=\"elementor-element elementor-element-d6ca669 flex-horizontal-align-default flex-horizontal-align-tablet-default flex-horizontal-align-mobile-default flex-vertical-align-default flex-vertical-align-tablet-default flex-vertical-align-mobile-default elementor-widget elementor-widget-text-editor\" data-id=\"d6ca669\" data-element_type=\"widget\" data-widget_type=\"text-editor.default\">\n\t\t\t\t<div class=\"elementor-widget-container\">\n\t\t\t\t\t\t\t\t\t\t\t\t<div class=\"elementor-text-editor elementor-clearfix\">\r\n\t\t\t\t\t\t<h1>Ilmanvaihtoj\u00e4rjestelm\u00e4<\/h1><h2><img class=\"alignleft size-medium wp-image-1972\" src=\"https:\/\/finairsolutions.com\/wp-content\/uploads\/2023\/05\/IV-asennus_Pirhonen_Oy14-300x225.jpg\" alt=\"\" width=\"300\" height=\"225\" srcset=\"https:\/\/finairsolutions.com\/wp-content\/uploads\/2023\/05\/IV-asennus_Pirhonen_Oy14-300x225.jpg 300w, https:\/\/finairsolutions.com\/wp-content\/uploads\/2023\/05\/IV-asennus_Pirhonen_Oy14-1024x768.jpg 1024w, https:\/\/finairsolutions.com\/wp-content\/uploads\/2023\/05\/IV-asennus_Pirhonen_Oy14-768x576.jpg 768w, https:\/\/finairsolutions.com\/wp-content\/uploads\/2023\/05\/IV-asennus_Pirhonen_Oy14-1536x1152.jpg 1536w, https:\/\/finairsolutions.com\/wp-content\/uploads\/2023\/05\/IV-asennus_Pirhonen_Oy14.jpg 1600w\" sizes=\"(max-width: 300px) 100vw, 300px\" \/>FIN AIR SOLUTIONS TARJOAA KATTAVASTI ILMANVAIHTOON LIITTYVI\u00c4 PALVELUJA SUUNNITTELUSTA ASENNUKSEEN. TEEMME ILMANVAIHTOT\u00d6IT\u00c4 NIIN KOTEIHIN, YLEISIIN TILOIHIN KUIN TEOLLISUUTEENKIN.<\/h2><p>Ilmanvaihtoj\u00e4rjestelm\u00e4 on oleellinen osa rakennuksen ilmastointij\u00e4rjestelm\u00e4\u00e4. HF Mechanicalilla tarjoamme ilmanvaihtoj\u00e4rjestelmiin liittyvi\u00e4 palveluja yrityksille ymp\u00e4ri Suomea.<\/p><p>Pystymme toteuttamaan kaiken kokoisia sek\u00e4 vaativiakin ilmanvaihtoj\u00e4rjestelmien huoltoon ja asennukseen liittyvi\u00e4 t\u00f6it\u00e4 rakennustuotantoon, korjausrakentamiseen ja jopa sairaaloihin. Toimimme aliurakoitsijoina tai suoraan tilaajalle ja voimme ty\u00f6skennell\u00e4 integroitujen sek\u00e4 erillisten ilmanvaihtoj\u00e4rjestelmien kanssa toteuttaaksemme asiakkaan vaatimukset.<\/p><h3>Ilmanvaihdon asennus ja huolto<\/h3><ul><li>L\u00e4mm\u00f6n, p\u00f6lyn ja savun poistoj\u00e4rjestelm\u00e4t<\/li><li>Ilmank\u00e4sittelylaitteet<\/li><li>Mekaaninen ilmanvaihto<\/li><li>L\u00e4mm\u00f6n talteenottoj\u00e4rjestelm\u00e4t<\/li><\/ul><p>Suunnittelu-, asennus- ja huoltopalveluistamme on tullut suosittu valinta ravintola-, terveydenhuollon, v\u00e4hitt\u00e4iskaupan, kaupan ja valmistusalan yrityksille, jotka tarvitsevat ilmanvaihtoj\u00e4rjestelmi\u00e4 t\u00e4ytt\u00e4\u00e4kseen tiukat ilmanvaihtoa koskevat vaatimukset.<\/p><p>T\u00e4ysin koulutettujen insin\u00f6\u00f6rien tiimill\u00e4, joka on perehtynyt uusimpiin ymp\u00e4rist\u00f6m\u00e4\u00e4r\u00e4yksiin, investoimme voimakkaasti t\u00e4lle alueelle ja meill\u00e4 on oma terveys- ja turvallisuusneuvojamme varmistaaksemme, ett\u00e4 t\u00e4yt\u00e4mme tietyt turvallisuusluokitukset ja -vaatimukset.<\/p><h3>Ilmanvaihtoj\u00e4rjestelmien edut<\/h3><p>Fin Air Solutions asentama uusi ilmanvaihtoj\u00e4rjestelm\u00e4 ei vain paranna ilmanvaihtoa. J\u00e4rjestelm\u00e4mme voivat auttaa parantamaan rakennustesi ilmastointia ja l\u00e4mmityst\u00e4 toimimaan tehokkaammin, ja kun olemme asentaneet l\u00e4mm\u00f6n talteenottoj\u00e4rjestelm\u00e4t, energians\u00e4\u00e4st\u00f6t voivat v\u00e4hent\u00e4\u00e4 merkitt\u00e4v\u00e4sti energialaskujasi ja pienent\u00e4\u00e4 yrityksesi hiilijalanj\u00e4lke\u00e4.<\/p><h3>Ilmanvaihtoj\u00e4rjestelm\u00e4n huolto<\/h3><p>Vaikka toteutammekin ilmanvaihtoj\u00e4rjestelm\u00e4mme aina laadukkaasti, ne tarvitsevat silti s\u00e4\u00e4nn\u00f6llist\u00e4 huoltoa ja putsausta p\u00f6lyn ker\u00e4\u00e4ntymisen est\u00e4miseksi. Liiallisesta p\u00f6lyn ker\u00e4\u00e4ntymisest\u00e4 ilmanvaihtoj\u00e4rjestelm\u00e4\u00e4n voi koitua tulipaloriski sek\u00e4 se voi aiheuttaa hengitysteihin liittyvi\u00e4 oireita rakennuksen k\u00e4ytt\u00e4jille. Tarjoamme kattavasti huoltosopimuksia ja -suunnitelmia ilmanvaihdon huoltoon tarpeenne mukaan.<\/p><p>Tarjoamme ilmanvaihtoj\u00e4rjestelmille elinkaarimalleja, joihin sis\u00e4ltyy ilmanvaihtoj\u00e4rjestelmien suunnittelu, asennus sek\u00e4 huolto. Ota yhteytt\u00e4, niin varmistamme, ett\u00e4 saatte juuri tarvitsemanne ilmanvaihtopalvelun.<\/p><p>Lis\u00e4tietoja ilmanvaihtoasennuspalvelustamme kaikkialla Suomessa, <a href=\"\/fi\/contact-us\/\">ota meihin yhteytt\u00e4<\/a> t\u00e4n\u00e4\u00e4n.<\/p>\t\t\t\t\t\t\t<\/div>\r\n\t\t\t\t\t\t\t\t\t\t<\/div>\n\t\t\t\t<\/div>\n\t\t\t\t\t<\/div>\n\t\t<\/div>\n\t\t\t\t\t<\/div><\/div>\r\n\t\t<\/main>\r\n\t\t\t\t<section class=\"elementor-section elementor-top-section elementor-element elementor-element-ef9e31c elementor-section-boxed elementor-section-height-default elementor-section-height-default\" data-id=\"ef9e31c\" data-element_type=\"section\">\r\n\t\t\t\t\t\t<div class=\"elementor-container elementor-column-gap-thegem\"><div class=\"elementor-row\">\r\n\t\t\t\t\t<div class=\"elementor-column elementor-col-100 elementor-top-column elementor-element elementor-element-ee53190\" data-id=\"ee53190\" data-element_type=\"column\">\n\t\t\t<div class=\"elementor-widget-wrap elementor-element-populated\">\n\t\t\t\t\t\t<div class=\"elementor-element elementor-element-0c16971 flex-horizontal-align-default flex-horizontal-align-tablet-default flex-horizontal-align-mobile-default flex-vertical-align-default flex-vertical-align-tablet-default flex-vertical-align-mobile-default elementor-widget elementor-widget-thegem-template-post-title\" data-id=\"0c16971\" data-element_type=\"widget\" data-widget_type=\"thegem-template-post-title.default\">\n\t\t\t\t<div class=\"elementor-widget-container\">\n\t\t\t\t\t<div class=\"thegem-te-post-title\"> <h1 class=\"post-title\"> <span>Palvelut<\/span> <\/h1> <\/div>\t\t\t\t<\/div>\n\t\t\t\t<\/div>\n\t\t\t\t<div class=\"elementor-element elementor-element-89877c2 flex-horizontal-align-default flex-horizontal-align-tablet-default flex-horizontal-align-mobile-default flex-vertical-align-default flex-vertical-align-tablet-default flex-vertical-align-mobile-default elementor-widget elementor-widget-thegem-blog-grid\" data-id=\"89877c2\" data-element_type=\"widget\" data-settings=\"{&quot;categories&quot;:[&quot;air-ventilation-news&quot;],&quot;exclude_blog_posts&quot;:[],&quot;order_by&quot;:&quot;date&quot;,&quot;order&quot;:&quot;asc&quot;,&quot;thegem_elementor_preset&quot;:&quot;style-2&quot;,&quot;query_type&quot;:&quot;post&quot;,&quot;source&quot;:[&quot;categories&quot;],&quot;exclude_blog_posts_type&quot;:&quot;manual&quot;,&quot;items_per_page&quot;:8,&quot;image_icon_show&quot;:&quot;yes&quot;}\" data-widget_type=\"thegem-blog-grid.default\">\n\t\t\t\t<div class=\"elementor-widget-container\">\n\t\t\t\t\t\t\t\t<div class=\"preloader\"><div class=\"preloader-spin\"><\/div><\/div>\n\t\t\t<div class=\"blog-grid blog clearfix  justified-style-2  blog-style-masonry  blog-style-3x\" data-page=\"1\" data-paged=\"1\" data-next-page=\"0\" data-load-more-action=\"thegem_bloggrid_load_more\">\n\t\t\t\n<article id=\"post-2165\" class=\"post-item col-lg-4 col-md-4 col-sm-6 col-xs-6 item-animations-not-inited post-2165 post type-post status-publish format-standard has-post-thumbnail category-air-ventilation-news\">\n\t\t\t<div class=\"item-lazy-scroll-wrap\">\n\t\n\t\t\t<div class=\"post-content-wrapper\">\n\t\t\n\t\t\t\t\t\t\n\t\t\t\t\t\t\t<div class=\"post-image\"><div class=\"post-featured-content\"><a href=\"https:\/\/finairsolutions.com\/fi\/design-supply-installation-and-commissioning-of-ventilation-systems-the-ultimate-guide-for-domestic-commercial-and-industrial-applications\/\">\t\t<picture>\n\t\t\t\t\t\t\t\t\t\t\t\t\t\t\t\t\t\t\t<img src=\"https:\/\/finairsolutions.com\/wp-content\/uploads\/2019\/05\/IV-asennus_Pirhonen_Oy07-thegem-blog-masonry.jpg\" width=\"640\" height=\"853\"  class=\"img-responsive\" alt=\"IV-asennus_Pirhonen_Oy07\" \/>\n\t\t<\/picture>\n\t\t<\/a><\/div><\/div>\n\t\t\t\n\t\t\t<div class=\"caption-container\">\n\t\t\t\t<div class=\"description\">\n\t\t\t\t\t<div class=\"post-meta-conteiner\">\n\n\t\t\t\t\t\t\t<span class=\"post-meta-author\">\n\t\t\t\t\t\t\t\t\t\t\t\t\t\t\t<\/span>\n\n\t\t\t\t\t\t<div class=\"post-meta-right\">\n\t\t\t\t\t\t\t\n\t\t\t\t\t\t\t\t\t\t\t\t\t\t\t\t\t\t\t\t<\/div>\n\t\t\t\t\t<\/div>\n\n\t\t\t\t\t<div class=\"post-title\">\n\t\t\t\t\t\t\t\t\t\t\t\t\t<div class=\"entry-title title-h4\"><a href=\"https:\/\/finairsolutions.com\/fi\/design-supply-installation-and-commissioning-of-ventilation-systems-the-ultimate-guide-for-domestic-commercial-and-industrial-applications\/\" rel=\"bookmark\"><span class=\"entry-title-date\"><\/span><span class=\"light\">Ilmanvaihtoj\u00e4rjestelmien suunnittelu, toimitus, asennus ja k\u00e4ytt\u00f6\u00f6notto: Lopullinen opas kotitalouksiin, kaupallisiin ja teollisiin sovelluksiin<\/span><\/a><\/div>\t\t\t\t\t\t\t\t\t\t\t<\/div>\n\n\t\t\t\t\t\n\t\t\t\t\t<div class=\"info clearfix\">\n\t\t\t\t\t\t\t<div class=\"post-footer-sharing\">\n\t\t\t\t\t\t\t\t\t\t\t\t\t\t\t<\/div>\n\t\t\t\t\t\t\t<div class=\"post-read-more\">\n\t\t\t\t\t\t\t\t\t\t\t\t\t\t\t<\/div>\n\t\t\t\t\t<\/div>\n\t\t\t\t<\/div>\n\t\t\t<\/div>\n\n\t\t<\/div>\n\n\t\t\t<\/div>\n\t<\/article>\n\n<article id=\"post-2172\" class=\"post-item col-lg-4 col-md-4 col-sm-6 col-xs-6 item-animations-not-inited post-2172 post type-post status-publish format-standard has-post-thumbnail category-air-ventilation-news\">\n\t\t\t<div class=\"item-lazy-scroll-wrap\">\n\t\n\t\t\t<div class=\"post-content-wrapper\">\n\t\t\n\t\t\t\t\t\t\n\t\t\t\t\t\t\t<div class=\"post-image\"><div class=\"post-featured-content\"><a href=\"https:\/\/finairsolutions.com\/fi\/the-importance-of-ventilation-systems\/\">\t\t<picture>\n\t\t\t\t\t\t\t\t\t\t\t\t\t\t\t\t\t\t\t<img src=\"https:\/\/finairsolutions.com\/wp-content\/uploads\/2019\/05\/IV-asennus_Pirhonen_Oy04-thegem-blog-masonry.jpg\" width=\"640\" height=\"853\"  class=\"img-responsive\" alt=\"IV-asennus_Pirhonen_Oy04\" \/>\n\t\t<\/picture>\n\t\t<\/a><\/div><\/div>\n\t\t\t\n\t\t\t<div class=\"caption-container\">\n\t\t\t\t<div class=\"description\">\n\t\t\t\t\t<div class=\"post-meta-conteiner\">\n\n\t\t\t\t\t\t\t<span class=\"post-meta-author\">\n\t\t\t\t\t\t\t\t\t\t\t\t\t\t\t<\/span>\n\n\t\t\t\t\t\t<div class=\"post-meta-right\">\n\t\t\t\t\t\t\t\n\t\t\t\t\t\t\t\t\t\t\t\t\t\t\t\t\t\t\t\t<\/div>\n\t\t\t\t\t<\/div>\n\n\t\t\t\t\t<div class=\"post-title\">\n\t\t\t\t\t\t\t\t\t\t\t\t\t<div class=\"entry-title title-h4\"><a href=\"https:\/\/finairsolutions.com\/fi\/the-importance-of-ventilation-systems\/\" rel=\"bookmark\"><span class=\"entry-title-date\"><\/span><span class=\"light\">Ilmanvaihtoj\u00e4rjestelmien t\u00e4rkeys<\/span><\/a><\/div>\t\t\t\t\t\t\t\t\t\t\t<\/div>\n\n\t\t\t\t\t\n\t\t\t\t\t<div class=\"info clearfix\">\n\t\t\t\t\t\t\t<div class=\"post-footer-sharing\">\n\t\t\t\t\t\t\t\t\t\t\t\t\t\t\t<\/div>\n\t\t\t\t\t\t\t<div class=\"post-read-more\">\n\t\t\t\t\t\t\t\t\t\t\t\t\t\t\t<\/div>\n\t\t\t\t\t<\/div>\n\t\t\t\t<\/div>\n\t\t\t<\/div>\n\n\t\t<\/div>\n\n\t\t\t<\/div>\n\t<\/article>\n\n<article id=\"post-2179\" class=\"post-item col-lg-4 col-md-4 col-sm-6 col-xs-6 item-animations-not-inited post-2179 post type-post status-publish format-standard has-post-thumbnail category-air-ventilation-news\">\n\t\t\t<div class=\"item-lazy-scroll-wrap\">\n\t\n\t\t\t<div class=\"post-content-wrapper\">\n\t\t\n\t\t\t\t\t\t\n\t\t\t\t\t\t\t<div class=\"post-image\"><div class=\"post-featured-content\"><a href=\"https:\/\/finairsolutions.com\/fi\/types-of-ventilation-systems\/\">\t\t<picture>\n\t\t\t\t\t\t\t\t\t\t\t\t\t\t\t\t\t\t\t<img src=\"https:\/\/finairsolutions.com\/wp-content\/uploads\/2019\/05\/IV-asennus_Pirhonen_Oy02-thegem-blog-masonry.jpg\" width=\"640\" height=\"853\"  class=\"img-responsive\" alt=\"IV-asennus_Pirhonen_Oy02\" \/>\n\t\t<\/picture>\n\t\t<\/a><\/div><\/div>\n\t\t\t\n\t\t\t<div class=\"caption-container\">\n\t\t\t\t<div class=\"description\">\n\t\t\t\t\t<div class=\"post-meta-conteiner\">\n\n\t\t\t\t\t\t\t<span class=\"post-meta-author\">\n\t\t\t\t\t\t\t\t\t\t\t\t\t\t\t<\/span>\n\n\t\t\t\t\t\t<div class=\"post-meta-right\">\n\t\t\t\t\t\t\t\n\t\t\t\t\t\t\t\t\t\t\t\t\t\t\t\t\t\t\t\t<\/div>\n\t\t\t\t\t<\/div>\n\n\t\t\t\t\t<div class=\"post-title\">\n\t\t\t\t\t\t\t\t\t\t\t\t\t<div class=\"entry-title title-h4\"><a href=\"https:\/\/finairsolutions.com\/fi\/types-of-ventilation-systems\/\" rel=\"bookmark\"><span class=\"entry-title-date\"><\/span><span class=\"light\">Erilaisia ilmanvaihtoj\u00e4rjestelmi\u00e4<\/span><\/a><\/div>\t\t\t\t\t\t\t\t\t\t\t<\/div>\n\n\t\t\t\t\t\n\t\t\t\t\t<div class=\"info clearfix\">\n\t\t\t\t\t\t\t<div class=\"post-footer-sharing\">\n\t\t\t\t\t\t\t\t\t\t\t\t\t\t\t<\/div>\n\t\t\t\t\t\t\t<div class=\"post-read-more\">\n\t\t\t\t\t\t\t\t\t\t\t\t\t\t\t<\/div>\n\t\t\t\t\t<\/div>\n\t\t\t\t<\/div>\n\t\t\t<\/div>\n\n\t\t<\/div>\n\n\t\t\t<\/div>\n\t<\/article>\n\n<article id=\"post-2184\" class=\"post-item col-lg-4 col-md-4 col-sm-6 col-xs-6 item-animations-not-inited post-2184 post type-post status-publish format-standard has-post-thumbnail category-air-ventilation-news\">\n\t\t\t<div class=\"item-lazy-scroll-wrap\">\n\t\n\t\t\t<div class=\"post-content-wrapper\">\n\t\t\n\t\t\t\t\t\t\n\t\t\t\t\t\t\t<div class=\"post-image\"><div class=\"post-featured-content\"><a href=\"https:\/\/finairsolutions.com\/fi\/designing-ventilation-systems\/\">\t\t<picture>\n\t\t\t\t\t\t\t\t\t\t\t\t\t\t\t\t\t\t\t<img src=\"https:\/\/finairsolutions.com\/wp-content\/uploads\/2019\/02\/5-thegem-blog-masonry.jpg\" width=\"640\" height=\"428\"  class=\"img-responsive\" alt=\"5 (Demo)\" \/>\n\t\t<\/picture>\n\t\t<\/a><\/div><\/div>\n\t\t\t\n\t\t\t<div class=\"caption-container\">\n\t\t\t\t<div class=\"description\">\n\t\t\t\t\t<div class=\"post-meta-conteiner\">\n\n\t\t\t\t\t\t\t<span class=\"post-meta-author\">\n\t\t\t\t\t\t\t\t\t\t\t\t\t\t\t<\/span>\n\n\t\t\t\t\t\t<div class=\"post-meta-right\">\n\t\t\t\t\t\t\t\n\t\t\t\t\t\t\t\t\t\t\t\t\t\t\t\t\t\t\t\t<\/div>\n\t\t\t\t\t<\/div>\n\n\t\t\t\t\t<div class=\"post-title\">\n\t\t\t\t\t\t\t\t\t\t\t\t\t<div class=\"entry-title title-h4\"><a href=\"https:\/\/finairsolutions.com\/fi\/designing-ventilation-systems\/\" rel=\"bookmark\"><span class=\"entry-title-date\"><\/span><span class=\"light\">Ilmanvaihtoj\u00e4rjestelmien suunnittelu<\/span><\/a><\/div>\t\t\t\t\t\t\t\t\t\t\t<\/div>\n\n\t\t\t\t\t\n\t\t\t\t\t<div class=\"info clearfix\">\n\t\t\t\t\t\t\t<div class=\"post-footer-sharing\">\n\t\t\t\t\t\t\t\t\t\t\t\t\t\t\t<\/div>\n\t\t\t\t\t\t\t<div class=\"post-read-more\">\n\t\t\t\t\t\t\t\t\t\t\t\t\t\t\t<\/div>\n\t\t\t\t\t<\/div>\n\t\t\t\t<\/div>\n\t\t\t<\/div>\n\n\t\t<\/div>\n\n\t\t\t<\/div>\n\t<\/article>\n\n<article id=\"post-2189\" class=\"post-item col-lg-4 col-md-4 col-sm-6 col-xs-6 item-animations-not-inited post-2189 post type-post status-publish format-standard has-post-thumbnail category-air-ventilation-news\">\n\t\t\t<div class=\"item-lazy-scroll-wrap\">\n\t\n\t\t\t<div class=\"post-content-wrapper\">\n\t\t\n\t\t\t\t\t\t\n\t\t\t\t\t\t\t<div class=\"post-image\"><div class=\"post-featured-content\"><a href=\"https:\/\/finairsolutions.com\/fi\/supplying-ventilation-systems\/\">\t\t<picture>\n\t\t\t\t\t\t\t\t\t\t\t\t\t\t\t\t\t\t\t<img src=\"https:\/\/finairsolutions.com\/wp-content\/uploads\/2023\/05\/IV-asennus_Pirhonen_Oy14-thegem-blog-masonry.jpg\" width=\"640\" height=\"480\"  class=\"img-responsive\" alt=\"IV-asennus_Pirhonen_Oy14\" \/>\n\t\t<\/picture>\n\t\t<\/a><\/div><\/div>\n\t\t\t\n\t\t\t<div class=\"caption-container\">\n\t\t\t\t<div class=\"description\">\n\t\t\t\t\t<div class=\"post-meta-conteiner\">\n\n\t\t\t\t\t\t\t<span class=\"post-meta-author\">\n\t\t\t\t\t\t\t\t\t\t\t\t\t\t\t<\/span>\n\n\t\t\t\t\t\t<div class=\"post-meta-right\">\n\t\t\t\t\t\t\t\n\t\t\t\t\t\t\t\t\t\t\t\t\t\t\t\t\t\t\t\t<\/div>\n\t\t\t\t\t<\/div>\n\n\t\t\t\t\t<div class=\"post-title\">\n\t\t\t\t\t\t\t\t\t\t\t\t\t<div class=\"entry-title title-h4\"><a href=\"https:\/\/finairsolutions.com\/fi\/supplying-ventilation-systems\/\" rel=\"bookmark\"><span class=\"entry-title-date\"><\/span><span class=\"light\">Ilmanvaihtoj\u00e4rjestelmien toimittaminen<\/span><\/a><\/div>\t\t\t\t\t\t\t\t\t\t\t<\/div>\n\n\t\t\t\t\t\n\t\t\t\t\t<div class=\"info clearfix\">\n\t\t\t\t\t\t\t<div class=\"post-footer-sharing\">\n\t\t\t\t\t\t\t\t\t\t\t\t\t\t\t<\/div>\n\t\t\t\t\t\t\t<div class=\"post-read-more\">\n\t\t\t\t\t\t\t\t\t\t\t\t\t\t\t<\/div>\n\t\t\t\t\t<\/div>\n\t\t\t\t<\/div>\n\t\t\t<\/div>\n\n\t\t<\/div>\n\n\t\t\t<\/div>\n\t<\/article>\n\n<article id=\"post-2194\" class=\"post-item col-lg-4 col-md-4 col-sm-6 col-xs-6 item-animations-not-inited post-2194 post type-post status-publish format-standard has-post-thumbnail category-air-ventilation-news\">\n\t\t\t<div class=\"item-lazy-scroll-wrap\">\n\t\n\t\t\t<div class=\"post-content-wrapper\">\n\t\t\n\t\t\t\t\t\t\n\t\t\t\t\t\t\t<div class=\"post-image\"><div class=\"post-featured-content\"><a href=\"https:\/\/finairsolutions.com\/fi\/installation-and-commissioning\/\">\t\t<picture>\n\t\t\t\t\t\t\t\t\t\t\t\t\t\t\t\t\t\t\t<img src=\"https:\/\/finairsolutions.com\/wp-content\/uploads\/2019\/05\/IV-asennus_Pirhonen_Oy06-thegem-blog-masonry.jpg\" width=\"640\" height=\"853\"  class=\"img-responsive\" alt=\"IV-asennus_Pirhonen_Oy06\" \/>\n\t\t<\/picture>\n\t\t<\/a><\/div><\/div>\n\t\t\t\n\t\t\t<div class=\"caption-container\">\n\t\t\t\t<div class=\"description\">\n\t\t\t\t\t<div class=\"post-meta-conteiner\">\n\n\t\t\t\t\t\t\t<span class=\"post-meta-author\">\n\t\t\t\t\t\t\t\t\t\t\t\t\t\t\t<\/span>\n\n\t\t\t\t\t\t<div class=\"post-meta-right\">\n\t\t\t\t\t\t\t\n\t\t\t\t\t\t\t\t\t\t\t\t\t\t\t\t\t\t\t\t<\/div>\n\t\t\t\t\t<\/div>\n\n\t\t\t\t\t<div class=\"post-title\">\n\t\t\t\t\t\t\t\t\t\t\t\t\t<div class=\"entry-title title-h4\"><a href=\"https:\/\/finairsolutions.com\/fi\/installation-and-commissioning\/\" rel=\"bookmark\"><span class=\"entry-title-date\"><\/span><span class=\"light\">Asentaminen ja k\u00e4ytt\u00f6\u00f6notto<\/span><\/a><\/div>\t\t\t\t\t\t\t\t\t\t\t<\/div>\n\n\t\t\t\t\t\n\t\t\t\t\t<div class=\"info clearfix\">\n\t\t\t\t\t\t\t<div class=\"post-footer-sharing\">\n\t\t\t\t\t\t\t\t\t\t\t\t\t\t\t<\/div>\n\t\t\t\t\t\t\t<div class=\"post-read-more\">\n\t\t\t\t\t\t\t\t\t\t\t\t\t\t\t<\/div>\n\t\t\t\t\t<\/div>\n\t\t\t\t<\/div>\n\t\t\t<\/div>\n\n\t\t<\/div>\n\n\t\t\t<\/div>\n\t<\/article>\n\n<article id=\"post-2199\" class=\"post-item col-lg-4 col-md-4 col-sm-6 col-xs-6 item-animations-not-inited post-2199 post type-post status-publish format-standard has-post-thumbnail category-air-ventilation-news\">\n\t\t\t<div class=\"item-lazy-scroll-wrap\">\n\t\n\t\t\t<div class=\"post-content-wrapper\">\n\t\t\n\t\t\t\t\t\t\n\t\t\t\t\t\t\t<div class=\"post-image\"><div class=\"post-featured-content\"><a href=\"https:\/\/finairsolutions.com\/fi\/maintenance-and-troubleshooting\/\">\t\t<picture>\n\t\t\t\t\t\t\t\t\t\t\t\t\t\t\t\t\t\t\t<img src=\"https:\/\/finairsolutions.com\/wp-content\/uploads\/2019\/05\/IV-asennus_Pirhonen_Oy13-thegem-blog-masonry.jpg\" width=\"640\" height=\"853\"  class=\"img-responsive\" alt=\"IV-asennus_Pirhonen_Oy13\" \/>\n\t\t<\/picture>\n\t\t<\/a><\/div><\/div>\n\t\t\t\n\t\t\t<div class=\"caption-container\">\n\t\t\t\t<div class=\"description\">\n\t\t\t\t\t<div class=\"post-meta-conteiner\">\n\n\t\t\t\t\t\t\t<span class=\"post-meta-author\">\n\t\t\t\t\t\t\t\t\t\t\t\t\t\t\t<\/span>\n\n\t\t\t\t\t\t<div class=\"post-meta-right\">\n\t\t\t\t\t\t\t\n\t\t\t\t\t\t\t\t\t\t\t\t\t\t\t\t\t\t\t\t<\/div>\n\t\t\t\t\t<\/div>\n\n\t\t\t\t\t<div class=\"post-title\">\n\t\t\t\t\t\t\t\t\t\t\t\t\t<div class=\"entry-title title-h4\"><a href=\"https:\/\/finairsolutions.com\/fi\/maintenance-and-troubleshooting\/\" rel=\"bookmark\"><span class=\"entry-title-date\"><\/span><span class=\"light\">Huoltaminen ja vikojen etsint\u00e4<\/span><\/a><\/div>\t\t\t\t\t\t\t\t\t\t\t<\/div>\n\n\t\t\t\t\t\n\t\t\t\t\t<div class=\"info clearfix\">\n\t\t\t\t\t\t\t<div class=\"post-footer-sharing\">\n\t\t\t\t\t\t\t\t\t\t\t\t\t\t\t<\/div>\n\t\t\t\t\t\t\t<div class=\"post-read-more\">\n\t\t\t\t\t\t\t\t\t\t\t\t\t\t\t<\/div>\n\t\t\t\t\t<\/div>\n\t\t\t\t<\/div>\n\t\t\t<\/div>\n\n\t\t<\/div>\n\n\t\t\t<\/div>\n\t<\/article>\n\t\t\t<\/div>\n\t\t\t\t\t<style>\n\t\t\t\t.elementor-element-89877c2 .blog-grid .post-image a:hover:after{opacity: 1 !important;}\n\t\t\t\t.elementor-element-89877c2 .blog-grid .post-content-wrapper:hover .post-image a:after{opacity: 1 !important;}\n\t\t\t<\/style>\n\t\t\n\t\t\t\n\t\t\t\n\t\t\t\n\t\t\t\n\t\t\t\n\t\t\t\t\t\t<\/div>\n\t\t\t\t<\/div>\n\t\t\t\t\t<\/div>\n\t\t<\/div>\n\t\t\t\t\t<\/div><\/div>\r\n\t\t<\/section>\r\n\t\t\t\t<section class=\"elementor-section elementor-top-section elementor-element elementor-element-7653f16 elementor-section-boxed elementor-section-height-default elementor-section-height-default\" data-id=\"7653f16\" data-element_type=\"section\">\r\n\t\t\t\t\t\t<div class=\"elementor-container elementor-column-gap-thegem\"><div class=\"elementor-row\">\r\n\t\t\t\t\t<div class=\"elementor-column elementor-col-100 elementor-top-column elementor-element elementor-element-cb8a37b\" data-id=\"cb8a37b\" data-element_type=\"column\">\n\t\t\t<div class=\"elementor-widget-wrap\">\n\t\t\t\t\t\t\t<\/div>\n\t\t<\/div>\n\t\t\t\t\t<\/div><\/div>\r\n\t\t<\/section>\r\n\t\t\t\t<\/div>","protected":false},"excerpt":{"rendered":"<p>Ventilation Installation FIN AIR SOLUTIONS Services team of engineers specialise in the design, supply, installation and commissioning of a huge&#8230;<\/p>","protected":false},"author":1,"featured_media":1986,"parent":695,"menu_order":-1,"comment_status":"closed","ping_status":"closed","template":"page-fullwidth.php","meta":{"footnotes":""},"class_list":["post-415","page","type-page","status-publish","has-post-thumbnail"],"_links":{"self":[{"href":"https:\/\/finairsolutions.com\/fi\/wp-json\/wp\/v2\/pages\/415","targetHints":{"allow":["GET"]}}],"collection":[{"href":"https:\/\/finairsolutions.com\/fi\/wp-json\/wp\/v2\/pages"}],"about":[{"href":"https:\/\/finairsolutions.com\/fi\/wp-json\/wp\/v2\/types\/page"}],"author":[{"embeddable":true,"href":"https:\/\/finairsolutions.com\/fi\/wp-json\/wp\/v2\/users\/1"}],"replies":[{"embeddable":true,"href":"https:\/\/finairsolutions.com\/fi\/wp-json\/wp\/v2\/comments?post=415"}],"version-history":[{"count":0,"href":"https:\/\/finairsolutions.com\/fi\/wp-json\/wp\/v2\/pages\/415\/revisions"}],"up":[{"embeddable":true,"href":"https:\/\/finairsolutions.com\/fi\/wp-json\/wp\/v2\/pages\/695"}],"wp:featuredmedia":[{"embeddable":true,"href":"https:\/\/finairsolutions.com\/fi\/wp-json\/wp\/v2\/media\/1986"}],"wp:attachment":[{"href":"https:\/\/finairsolutions.com\/fi\/wp-json\/wp\/v2\/media?parent=415"}],"curies":[{"name":"wp","href":"https:\/\/api.w.org\/{rel}","templated":true}]}}